{"id":834,"date":"2017-02-02T20:20:48","date_gmt":"2017-02-02T20:20:48","guid":{"rendered":"https:\/\/rusticafoods.com\/contact\/"},"modified":"2024-09-11T14:04:03","modified_gmt":"2024-09-11T18:04:03","slug":"contact","status":"publish","type":"page","link":"https:\/\/rusticafoods.com\/fr\/contact\/","title":{"rendered":"Contactez-nous"},"content":{"rendered":"","protected":false},"excerpt":{"rendered":"","protected":false},"author":5,"featured_media":0,"parent":0,"menu_order":0,"comment_status":"closed","ping_status":"closed","template":"contact.php","meta":{"_acf_changed":false,"footnotes":""},"class_list":["post-834","page","type-page","status-publish","hentry"],"acf":[],"yoast_head":"<!-- This site is optimized with the Yoast SEO plugin v27.5 - https:\/\/yoast.com\/product\/yoast-seo-wordpress\/ -->\n<title>Contactez-Nous | Les Aliments Rustica Foods<\/title>\n<meta name=\"description\" content=\"D\u00e9couvrez o\u00f9 nous sommes situ\u00e9s et venez nous rencontrer afin que vous puissiez profiter de nos produits pizza italienne authentique!\" \/>\n<meta name=\"robots\" content=\"index, follow, max-snippet:-1, max-image-preview:large, max-video-preview:-1\" \/>\n<link rel=\"canonical\" href=\"https:\/\/rusticafoods.com\/fr\/contact\/\" \/>\n<meta property=\"og:locale\" content=\"fr_FR\" \/>\n<meta property=\"og:type\" content=\"article\" \/>\n<meta property=\"og:title\" content=\"Contactez-Nous | Les Aliments Rustica Foods\" \/>\n<meta property=\"og:description\" content=\"D\u00e9couvrez o\u00f9 nous sommes situ\u00e9s et venez nous rencontrer afin que vous puissiez profiter de nos produits pizza italienne authentique!\" \/>\n<meta property=\"og:url\" content=\"https:\/\/rusticafoods.com\/fr\/contact\/\" \/>\n<meta property=\"og:site_name\" content=\"Les aliments Rustcia\" \/>\n<meta property=\"article:publisher\" content=\"https:\/\/www.facebook.com\/LesAlimentsRustica\/\" \/>\n<meta property=\"article:modified_time\" content=\"2024-09-11T18:04:03+00:00\" \/>\n<meta name=\"twitter:card\" content=\"summary_large_image\" \/>\n<meta name=\"twitter:label1\" content=\"Dur\u00e9e de lecture estim\u00e9e\" \/>\n\t<meta name=\"twitter:data1\" content=\"1 minute\" \/>\n<script type=\"application\/ld+json\" class=\"yoast-schema-graph\">{\"@context\":\"https:\\\/\\\/schema.org\",\"@graph\":[{\"@type\":\"WebPage\",\"@id\":\"https:\\\/\\\/rusticafoods.com\\\/fr\\\/contact\\\/\",\"url\":\"https:\\\/\\\/rusticafoods.com\\\/fr\\\/contact\\\/\",\"name\":\"Contactez-Nous | Les Aliments Rustica Foods\",\"isPartOf\":{\"@id\":\"https:\\\/\\\/rusticafoods.com\\\/#website\"},\"datePublished\":\"2017-02-02T20:20:48+00:00\",\"dateModified\":\"2024-09-11T18:04:03+00:00\",\"description\":\"D\u00e9couvrez o\u00f9 nous sommes situ\u00e9s et venez nous rencontrer afin que vous puissiez profiter de nos produits pizza italienne authentique!\",\"breadcrumb\":{\"@id\":\"https:\\\/\\\/rusticafoods.com\\\/fr\\\/contact\\\/#breadcrumb\"},\"inLanguage\":\"fr-FR\",\"potentialAction\":[{\"@type\":\"ReadAction\",\"target\":[\"https:\\\/\\\/rusticafoods.com\\\/fr\\\/contact\\\/\"]}]},{\"@type\":\"BreadcrumbList\",\"@id\":\"https:\\\/\\\/rusticafoods.com\\\/fr\\\/contact\\\/#breadcrumb\",\"itemListElement\":[{\"@type\":\"ListItem\",\"position\":1,\"name\":\"Home\",\"item\":\"https:\\\/\\\/rusticafoods.com\\\/fr\\\/\"},{\"@type\":\"ListItem\",\"position\":2,\"name\":\"Contactez-nous\"}]},{\"@type\":\"WebSite\",\"@id\":\"https:\\\/\\\/rusticafoods.com\\\/#website\",\"url\":\"https:\\\/\\\/rusticafoods.com\\\/\",\"name\":\"Les aliments Rustcia\",\"description\":\"Fresh is Our Business\",\"publisher\":{\"@id\":\"https:\\\/\\\/rusticafoods.com\\\/#organization\"},\"potentialAction\":[{\"@type\":\"SearchAction\",\"target\":{\"@type\":\"EntryPoint\",\"urlTemplate\":\"https:\\\/\\\/rusticafoods.com\\\/?s={search_term_string}\"},\"query-input\":{\"@type\":\"PropertyValueSpecification\",\"valueRequired\":true,\"valueName\":\"search_term_string\"}}],\"inLanguage\":\"fr-FR\"},{\"@type\":\"Organization\",\"@id\":\"https:\\\/\\\/rusticafoods.com\\\/#organization\",\"name\":\"Rustica\",\"url\":\"https:\\\/\\\/rusticafoods.com\\\/\",\"logo\":{\"@type\":\"ImageObject\",\"inLanguage\":\"fr-FR\",\"@id\":\"https:\\\/\\\/rusticafoods.com\\\/#\\\/schema\\\/logo\\\/image\\\/\",\"url\":\"https:\\\/\\\/rusticafoods.com\\\/wp-content\\\/uploads\\\/2017\\\/08\\\/Les-Aliments-Rustica-Foods-logo.png\",\"contentUrl\":\"https:\\\/\\\/rusticafoods.com\\\/wp-content\\\/uploads\\\/2017\\\/08\\\/Les-Aliments-Rustica-Foods-logo.png\",\"width\":2229,\"height\":1081,\"caption\":\"Rustica\"},\"image\":{\"@id\":\"https:\\\/\\\/rusticafoods.com\\\/#\\\/schema\\\/logo\\\/image\\\/\"},\"sameAs\":[\"https:\\\/\\\/www.facebook.com\\\/LesAlimentsRustica\\\/\",\"https:\\\/\\\/www.instagram.com\\\/rustica_foods\\\/\",\"https:\\\/\\\/www.pinterest.ca\\\/rusticafoods\\\/\"]}]}<\/script>\n<!-- \/ Yoast SEO plugin. -->","yoast_head_json":{"title":"Contactez-Nous | Les Aliments Rustica Foods","description":"D\u00e9couvrez o\u00f9 nous sommes situ\u00e9s et venez nous rencontrer afin que vous puissiez profiter de nos produits pizza italienne authentique!","robots":{"index":"index","follow":"follow","max-snippet":"max-snippet:-1","max-image-preview":"max-image-preview:large","max-video-preview":"max-video-preview:-1"},"canonical":"https:\/\/rusticafoods.com\/fr\/contact\/","og_locale":"fr_FR","og_type":"article","og_title":"Contactez-Nous | Les Aliments Rustica Foods","og_description":"D\u00e9couvrez o\u00f9 nous sommes situ\u00e9s et venez nous rencontrer afin que vous puissiez profiter de nos produits pizza italienne authentique!","og_url":"https:\/\/rusticafoods.com\/fr\/contact\/","og_site_name":"Les aliments Rustcia","article_publisher":"https:\/\/www.facebook.com\/LesAlimentsRustica\/","article_modified_time":"2024-09-11T18:04:03+00:00","twitter_card":"summary_large_image","twitter_misc":{"Dur\u00e9e de lecture estim\u00e9e":"1 minute"},"schema":{"@context":"https:\/\/schema.org","@graph":[{"@type":"WebPage","@id":"https:\/\/rusticafoods.com\/fr\/contact\/","url":"https:\/\/rusticafoods.com\/fr\/contact\/","name":"Contactez-Nous | Les Aliments Rustica Foods","isPartOf":{"@id":"https:\/\/rusticafoods.com\/#website"},"datePublished":"2017-02-02T20:20:48+00:00","dateModified":"2024-09-11T18:04:03+00:00","description":"D\u00e9couvrez o\u00f9 nous sommes situ\u00e9s et venez nous rencontrer afin que vous puissiez profiter de nos produits pizza italienne authentique!","breadcrumb":{"@id":"https:\/\/rusticafoods.com\/fr\/contact\/#breadcrumb"},"inLanguage":"fr-FR","potentialAction":[{"@type":"ReadAction","target":["https:\/\/rusticafoods.com\/fr\/contact\/"]}]},{"@type":"BreadcrumbList","@id":"https:\/\/rusticafoods.com\/fr\/contact\/#breadcrumb","itemListElement":[{"@type":"ListItem","position":1,"name":"Home","item":"https:\/\/rusticafoods.com\/fr\/"},{"@type":"ListItem","position":2,"name":"Contactez-nous"}]},{"@type":"WebSite","@id":"https:\/\/rusticafoods.com\/#website","url":"https:\/\/rusticafoods.com\/","name":"Les aliments Rustcia","description":"Fresh is Our Business","publisher":{"@id":"https:\/\/rusticafoods.com\/#organization"},"potentialAction":[{"@type":"SearchAction","target":{"@type":"EntryPoint","urlTemplate":"https:\/\/rusticafoods.com\/?s={search_term_string}"},"query-input":{"@type":"PropertyValueSpecification","valueRequired":true,"valueName":"search_term_string"}}],"inLanguage":"fr-FR"},{"@type":"Organization","@id":"https:\/\/rusticafoods.com\/#organization","name":"Rustica","url":"https:\/\/rusticafoods.com\/","logo":{"@type":"ImageObject","inLanguage":"fr-FR","@id":"https:\/\/rusticafoods.com\/#\/schema\/logo\/image\/","url":"https:\/\/rusticafoods.com\/wp-content\/uploads\/2017\/08\/Les-Aliments-Rustica-Foods-logo.png","contentUrl":"https:\/\/rusticafoods.com\/wp-content\/uploads\/2017\/08\/Les-Aliments-Rustica-Foods-logo.png","width":2229,"height":1081,"caption":"Rustica"},"image":{"@id":"https:\/\/rusticafoods.com\/#\/schema\/logo\/image\/"},"sameAs":["https:\/\/www.facebook.com\/LesAlimentsRustica\/","https:\/\/www.instagram.com\/rustica_foods\/","https:\/\/www.pinterest.ca\/rusticafoods\/"]}]}},"_links":{"self":[{"href":"https:\/\/rusticafoods.com\/fr\/wp-json\/wp\/v2\/pages\/834","targetHints":{"allow":["GET"]}}],"collection":[{"href":"https:\/\/rusticafoods.com\/fr\/wp-json\/wp\/v2\/pages"}],"about":[{"href":"https:\/\/rusticafoods.com\/fr\/wp-json\/wp\/v2\/types\/page"}],"author":[{"embeddable":true,"href":"https:\/\/rusticafoods.com\/fr\/wp-json\/wp\/v2\/users\/5"}],"replies":[{"embeddable":true,"href":"https:\/\/rusticafoods.com\/fr\/wp-json\/wp\/v2\/comments?post=834"}],"version-history":[{"count":33,"href":"https:\/\/rusticafoods.com\/fr\/wp-json\/wp\/v2\/pages\/834\/revisions"}],"predecessor-version":[{"id":3421,"href":"https:\/\/rusticafoods.com\/fr\/wp-json\/wp\/v2\/pages\/834\/revisions\/3421"}],"wp:attachment":[{"href":"https:\/\/rusticafoods.com\/fr\/wp-json\/wp\/v2\/media?parent=834"}],"curies":[{"name":"wp","href":"https:\/\/api.w.org\/{rel}","templated":true}]}}